{"id":3647,"date":"2018-05-16T20:08:56","date_gmt":"2018-05-16T18:08:56","guid":{"rendered":"http:\/\/initiative-warmfreibad.de\/?page_id=3647"},"modified":"2018-05-27T17:15:05","modified_gmt":"2018-05-27T15:15:05","slug":"datenschutz","status":"publish","type":"page","link":"https:\/\/initiative-warmfreibad.de\/?page_id=3647","title":{"rendered":"Datenschutz"},"content":{"rendered":"<div id='layer_slider_1'  class='avia-layerslider main_color avia-shadow  avia-builder-el-0  el_before_av_one_full  avia-builder-el-first  container_wrap sidebar_right'  style='height: 151px;'  ><div id=\"layerslider_2_1u7zfy2blx1sc\" class=\"ls-wp-container fitvidsignore\" style=\"width:100%;height:150px;margin:0 auto;\"><div class=\"ls-slide\" data-ls=\"duration:4000;\"><img loading=\"lazy\" decoding=\"async\" width=\"1920\" height=\"1280\" src=\"https:\/\/initiative-warmfreibad.de\/wp-content\/uploads\/2015\/02\/warmfreibaad_sprungbecken.jpg\" class=\"ls-bg\" alt=\"\" srcset=\"https:\/\/initiative-warmfreibad.de\/wp-content\/uploads\/2015\/02\/warmfreibaad_sprungbecken.jpg 1920w, https:\/\/initiative-warmfreibad.de\/wp-content\/uploads\/2015\/02\/warmfreibaad_sprungbecken-300x200.jpg 300w, https:\/\/initiative-warmfreibad.de\/wp-content\/uploads\/2015\/02\/warmfreibaad_sprungbecken-768x512.jpg 768w, https:\/\/initiative-warmfreibad.de\/wp-content\/uploads\/2015\/02\/warmfreibaad_sprungbecken-1030x687.jpg 1030w, https:\/\/initiative-warmfreibad.de\/wp-content\/uploads\/2015\/02\/warmfreibaad_sprungbecken-1500x1000.jpg 1500w, https:\/\/initiative-warmfreibad.de\/wp-content\/uploads\/2015\/02\/warmfreibaad_sprungbecken-705x470.jpg 705w, https:\/\/initiative-warmfreibad.de\/wp-content\/uploads\/2015\/02\/warmfreibaad_sprungbecken-450x300.jpg 450w\" sizes=\"auto, (max-width: 1920px) 100vw, 1920px\" \/><\/div><\/div><\/div><div id='after_layer_slider_1'  class='main_color av_default_container_wrap container_wrap sidebar_right'  ><div class='container av-section-cont-open' ><div class='template-page content  av-content-small alpha units'><div class='post-entry post-entry-type-page post-entry-3647'><div class='entry-content-wrapper clearfix'>\n\n<style type=\"text\/css\" data-created_by=\"avia_inline_auto\" id=\"style-css-av-av_one_full-9497bbf8bff73ea4c6992cc17fa9ec36\">\n.flex_column.av-av_one_full-9497bbf8bff73ea4c6992cc17fa9ec36{\nborder-radius:0px 0px 0px 0px;\npadding:0px 0px 0px 0px;\n}\n<\/style>\n<div  class='flex_column av-av_one_full-9497bbf8bff73ea4c6992cc17fa9ec36 av_one_full  avia-builder-el-1  el_after_av_layerslider  avia-builder-el-no-sibling  first flex_column_div av-zero-column-padding  '     ><p>\n<style type=\"text\/css\" data-created_by=\"avia_inline_auto\" id=\"style-css-av-av_heading-db77a7599517f08113c9b21d3f7c1806\">\n#top .av-special-heading.av-av_heading-db77a7599517f08113c9b21d3f7c1806{\npadding-bottom:10px;\n}\nbody .av-special-heading.av-av_heading-db77a7599517f08113c9b21d3f7c1806 .av-special-heading-tag .heading-char{\nfont-size:25px;\n}\n.av-special-heading.av-av_heading-db77a7599517f08113c9b21d3f7c1806 .av-subheading{\nfont-size:18px;\n}\n<\/style>\n<div  class='av-special-heading av-av_heading-db77a7599517f08113c9b21d3f7c1806 av-special-heading-h3 blockquote modern-quote  avia-builder-el-2  el_before_av_textblock  avia-builder-el-first '><h3 class='av-special-heading-tag '  itemprop=\"headline\"  >Datenschutzhinweise<\/h3><div class='av-subheading av-subheading_below'><p>Diese Datenschutzerkl\u00e4rung kl\u00e4rt Sie \u00fcber die Art, den Umfang und Zwecke der Erhebung und<br \/>\nVerwendung personenbezogener Daten auf der Webseite http:\/\/www.initiative-warmfreibad.de (im Folgenden \u201eWebseite\u201c) auf.<\/p>\n<\/div><div class=\"special-heading-border\"><div class=\"special-heading-inner-border\"><\/div><\/div><\/div><br \/>\n<section  class='av_textblock_section av-av_textblock-0366cc7376be6c9e82a3e9cc8987b64f '   itemscope=\"itemscope\" itemtype=\"https:\/\/schema.org\/CreativeWork\" ><div class='avia_textblock'  itemprop=\"text\" ><h2><\/h2>\n<p><strong>WAS IST EINE IP-ADRESSE<\/strong><\/p>\n<p>Die IP-Adresse ist die weltweit g\u00fcltige, im Zeitpunkt der Zuteilung durch Ihren Internetprovider eindeutige Kennzeichnung Ihres Computers und besteht, in ihrer derzeit gel\u00e4ufigsten Form (IPv4), aus vier Zifferbl\u00f6cken, die durch Punkte getrennt sind. Zumeist werden Sie als privater Nutzer keine gleichbleibende IP-Adresse benutzen, da Ihnen diese von Ihrem Provider nur vor\u00fcbergehend zugewiesen wird (so genannte \u201edynamische IP-Adresse\u201c). Bei einer dauerhaft zugeordneten IP-Adresse (so genannte \u201estatische IP-Adresse\u201c) ist eine eindeutige Zuordnung der Nutzerdaten \u00fcber dieses Merkmal im Prinzip m\u00f6glich. Au\u00dfer zum Zwecke der Verfolgung unzul\u00e4ssiger Zugriffe auf unser Internetangebot verwenden wir diese Daten grunds\u00e4tzlich nicht personenbezogen, sondern werten lediglich auf anonymisierter Basis aus, welche unserer Webseiten favorisiert werden, wie viele Zugriffe t\u00e4glich erfolgen und \u00e4hnliches.<\/p>\n<p>Unsere Webseite unterst\u00fctzt bereits die neuen IPv6-Adressen. Sollten Sie bereits \u00fcber eine IPv6-Adresse verf\u00fcgen, sollten Sie zudem noch folgendes wissen: Die IPv6 Adresse besteht aus acht Viererbl\u00f6cken. Die ersten vier Bl\u00f6cke werden, ebenso wie bei der gesamten IPv4 Adresse, typischerweise bei privaten Anwendern dynamisch vergeben. Die letzten vier Bl\u00f6cke einer IPv6-Adresse (der sog. \u201eInterface-Identifier\u201c) werden allerdings durch das Endger\u00e4t bestimmt, welches Sie zum Browsen auf der Webseite verwenden. Soweit dies in Ihrem Betriebssystem nicht anders eingestellt ist, wird hierzu die sog. MAC-Adresse verwendet. Bei der MAC-Adresse handelt es sich um eine Art Seriennummer, die f\u00fcr jedes IP-f\u00e4hige Ger\u00e4t weltweit einmalig vergeben wird. Wir speichern daher die letzten vier Bl\u00f6cke Ihrer IPv6-Adresse nicht. Generell empfehlen wir Ihnen, an Ihrem Endger\u00e4t die sog. \u201ePrivacy Extensions\u201c zu aktivieren, um die letzten vier Bl\u00f6cke Ihrer IPv6-Adresse besser zu anonymisieren. Die meisten g\u00e4ngigen Betriebssysteme verf\u00fcgen \u00fcber eine \u201ePrivacy Extensions\u201c-Funktion, die allerdings in manchen F\u00e4llen werksm\u00e4\u00dfig nicht eingestellt ist.<\/p>\n<p><strong>COOKIES<\/strong><\/p>\n<p>Cookies sind kleine Textdateien, welche bei dem Aufruf unserer Webseite auf Ihrem Endger\u00e4t gespeichert werden. Einzelne Dienste einer Webseite k\u00f6nnen Sie auf diese Weise \u201eerkennen\u201c und sich \u201emerken\u201c, welche Einstellungen Sie vorgenommen haben. Dies dient zum einem der Benutzerfreundlichkeit von Websites und damit den Nutzern (z.B. Speicherung von Login-Daten). Zum anderen dienen Cookies dazu, statistische Daten der Website-Nutzung zu erfassen und die so gewonnenen Daten zu Werbezwecken zu nutzen.<br \/>\nEinige Cookies werden automatisch wieder von Ihrem Endger\u00e4t gel\u00f6scht, sobald Sie die Webseite wieder verlassen (sogenanntes Session-Cookie). Andere Cookies werden f\u00fcr einen bestimmten Zeitraum gespeichert, der jeweils zwei Jahre nicht \u00fcbersteigt (Persistent-Cookies). Zudem setzen wir auch so genannte Third-Party-Cookies ein, die von Dritten verwaltet werden, um bestimmte Dienste anzubieten.<\/p>\n<p>Die Nutzer k\u00f6nnen auf den Einsatz der Cookies Einfluss nehmen. Die meisten Browser verf\u00fcgen \u00fcber eine Option, mit der das Speichern von Cookies eingeschr\u00e4nkt oder komplett verhindert wird. Allerdings wird darauf hingewiesen, dass die Nutzung und insbesondere der Nutzungskomfort ohne Cookies eingeschr\u00e4nkt werden.<\/p>\n<p><strong>KONTAKTFORMULAR<\/strong><\/p>\n<p>Wenn Sie uns \u00fcber das Onlineformular oder per E-Mail kontaktieren, speichern wir die von Ihnen gemachten Angaben, um Ihre Anfrage beantworten und m\u00f6gliche Anschlussfragen stellen zu k\u00f6nnen.<\/p>\n<p><strong>AUTOMATISCHE ERHEBUNG VON ZUGRIFFSDATEN\/SERVER-LOGFILES<\/strong><\/p>\n<p>Wir erheben Daten bei jedem Zugriff auf die Webseite automatisch eine Reihe von technischen Daten, bei denen es sich um personenbezogene Daten handelt.<br \/>\nDiese sind:<\/p>\n<p>Die IP-Adresse des Nutzers<br \/>\nName der abgerufenen Website bzw. Datei<br \/>\nDatum und Uhrzeit des Zugriffs<br \/>\n\u00fcbertragene Datenmenge<br \/>\nMeldung \u00fcber erfolgreichen Abruf<br \/>\nBrowser-Typ und Version<br \/>\nBetriebssystem des Nutzers<br \/>\nverwendetes Endger\u00e4t des Nutzers, inklusive MAC-Adresse<br \/>\nReferrer-URL (die zuvor besuchte Seite)<br \/>\nDiese Daten werden nicht mit anderen personenbezogenen Daten, die Sie aktiv im Rahmen der Webseite angeben, zusammengef\u00fchrt.<br \/>\nDie Server-Logfiles mit den oben genannten Daten werden automatisch nach sieben Tagen gel\u00f6scht. Wir behalten uns vor, die Server-Logfiles l\u00e4nger zu speichern, wenn Tatsachen vorliegen, welche die Annahme eines unzul\u00e4ssigen Zugriffs (wie etwa der Versuch eines Hackings oder einer so genannten DOS-Attacke) nahe legen.<\/p>\n<p><strong>LINKS AUF UNSERE SEITEN AUF SOZIALEN MEDIEN<\/strong><\/p>\n<p>Auf der Webseite finden Sie Icons von Facebook und Google+. Es handelt sich dabei nicht um so genannte \u201esocial plugins\u201c, die Ihre Daten bei jedem Besuch unserer Webseite an die Betreiber der sozialen Netzwerke \u00fcbersenden. Vielmehr handelt es sich um schlichte Links auf unsere Auftritte in diesen sozialen Netzwerken. Sobald Sie auf diese Links klicken, verlassen Sie unsere Webseite und betreten die Webseiten der Betreiber der sozialen Netzwerke. Verantwortliche Stelle f\u00fcr die Erhebung von personenbezogenen Daten sind auf Webseiten der sozialen Netzwerke sind ausschlie\u00dflich deren Betreiber. F\u00fcr weitere Informationen empfehlen wir ihnen eine Durchsicht der Datenschutzbestimmungen der sozialen Netzwerke.<\/p>\n<p><strong>SPEICHERUNG VON DATEN<\/strong><\/p>\n<p>Mit dem Beitritt eines Mitglieds nimmt der Verein dessen Adresse, Alter, nach M\u00f6glichkeit Emailadresse und Bankverbindung auf. Diese Informationen werden in dem vereinseigen\u00a0EDV-System\/in den EDV-Systemen des ersten Vorsitzenden und dem Kassenwart, gespeichert.<br \/>\nJedem Vereinsmitglied wird dabei eine Mitgliedsnummer zugeordnet. Die personenbezogenen Daten werden durch geeignete technische und organisatorische Ma\u00dfnahmen vor der Kenntnisnahme Dritter gesch\u00fctzt. Sonstige Informationen und Informationen \u00fcber Nichtmitglieder werden von dem Verein grunds\u00e4tzlich intern nur verarbeitet, wenn sie zur F\u00f6rderung des Vereinszweckes n\u00fctzlich sind (z. B. Speicherung von Telefon- und Faxnummern einzelner Mitglieder) und keine Anhaltspunkte bestehen, dass die betroffene Person ein schutzw\u00fcrdiges Interesse hat, das der Verarbeitung\u00a0entgegensteht.<\/p>\n<p><strong>PRESSEARBEIT<\/strong><\/p>\n<p>Der Verein informiert die Tagespresse sowie die \u00fcber Turnierergebnisse und besondere Ereignisse. Solche Informationen werden \u00fcberdies auf der Internet-Seite des Vereins ver\u00f6ffentlicht. Das einzelne Mitglied kann jederzeit gegen\u00fcber dem Vorstand einer solchen Ver\u00f6ffentlichung widersprechen. Im Falle des Widerspruchs unterbleiben in Bezug auf das widersprechende Mitglied weitere Ver\u00f6ffentlichungen. Personenbezogene Daten des widersprechenden Mitglieds werden von der Homepage des Vereins entfernt.<\/p>\n<p><strong>WEITERGABE VON MITGLIEDSDATEN AN VEREINSMITGLIEDER<\/strong><\/p>\n<p>Der Verein gibt keine Daten an Dritte weiter.<br \/>\nMitgliederverzeichnisse werden nur an Vorstandsmitglieder ausgeh\u00e4ndigt, die im Verein eine besondere Funktion aus\u00fcben, welche die Kenntnis der Mitgliederdaten erfordert. Macht ein Mitglied geltend, dass es die Mitgliederliste zur Wahrnehmung seiner satzungsm\u00e4\u00dfigen Rechte ben\u00f6tigt, h\u00e4ndigt der Vorstand die Liste nur gegen die\u00a0schriftliche Versicherung aus, dass die Adressen nicht zu anderen Zwecken verwendet\u00a0werden.<\/p>\n<p><strong>AUSTRITT AUS DEM VEREIN<\/strong><\/p>\n<p>Beim Austritt werden Name, Adresse und Geburtsjahr des Mitglieds aus der Mitgliederliste gel\u00f6scht. Personenbezogene Daten des austretenden Mitglieds, die die Kassenverwaltung<br \/>\nbetreffen, werden gem\u00e4\u00df der steuergesetzlichen Bestimmungen bis zu zehn Jahre ab der schriftlichen Best\u00e4tigung des Austritts durch den Vorstand aufbewahrt.<\/p>\n<p>Stand: 05\/2018<\/p>\n<\/div><\/section><\/p><\/div>\n","protected":false},"excerpt":{"rendered":"","protected":false},"author":2,"featured_media":0,"parent":0,"menu_order":8,"comment_status":"closed","ping_status":"closed","template":"","meta":{"footnotes":""},"class_list":["post-3647","page","type-page","status-publish","hentry"],"_links":{"self":[{"href":"https:\/\/initiative-warmfreibad.de\/index.php?rest_route=\/wp\/v2\/pages\/3647","targetHints":{"allow":["GET"]}}],"collection":[{"href":"https:\/\/initiative-warmfreibad.de\/index.php?rest_route=\/wp\/v2\/pages"}],"about":[{"href":"https:\/\/initiative-warmfreibad.de\/index.php?rest_route=\/wp\/v2\/types\/page"}],"author":[{"embeddable":true,"href":"https:\/\/initiative-warmfreibad.de\/index.php?rest_route=\/wp\/v2\/users\/2"}],"replies":[{"embeddable":true,"href":"https:\/\/initiative-warmfreibad.de\/index.php?rest_route=%2Fwp%2Fv2%2Fcomments&post=3647"}],"version-history":[{"count":4,"href":"https:\/\/initiative-warmfreibad.de\/index.php?rest_route=\/wp\/v2\/pages\/3647\/revisions"}],"predecessor-version":[{"id":3652,"href":"https:\/\/initiative-warmfreibad.de\/index.php?rest_route=\/wp\/v2\/pages\/3647\/revisions\/3652"}],"wp:attachment":[{"href":"https:\/\/initiative-warmfreibad.de\/index.php?rest_route=%2Fwp%2Fv2%2Fmedia&parent=3647"}],"curies":[{"name":"wp","href":"https:\/\/api.w.org\/{rel}","templated":true}]}}