{"id":3449,"date":"2016-05-17T13:39:57","date_gmt":"2016-05-17T11:39:57","guid":{"rendered":"http:\/\/initiative-warmfreibad.de\/wordpress\/?page_id=3313\/?page_id=3449"},"modified":"2018-05-16T20:43:33","modified_gmt":"2018-05-16T18:43:33","slug":"impressum","status":"publish","type":"page","link":"https:\/\/initiative-warmfreibad.de\/?page_id=3449","title":{"rendered":"Impressum"},"content":{"rendered":"<div id='layer_slider_1'  class='avia-layerslider main_color avia-shadow  avia-builder-el-0  el_before_av_one_full  avia-builder-el-first  container_wrap sidebar_right'  style='height: 151px;'  ><div id=\"layerslider_2_czt37p6nvwl4\" class=\"ls-wp-container fitvidsignore\" style=\"width:100%;height:150px;margin:0 auto;\"><div class=\"ls-slide\" data-ls=\"duration:4000;\"><img loading=\"lazy\" decoding=\"async\" width=\"1920\" height=\"1280\" src=\"https:\/\/initiative-warmfreibad.de\/wp-content\/uploads\/2015\/02\/warmfreibaad_sprungbecken.jpg\" class=\"ls-bg\" alt=\"\" srcset=\"https:\/\/initiative-warmfreibad.de\/wp-content\/uploads\/2015\/02\/warmfreibaad_sprungbecken.jpg 1920w, https:\/\/initiative-warmfreibad.de\/wp-content\/uploads\/2015\/02\/warmfreibaad_sprungbecken-300x200.jpg 300w, https:\/\/initiative-warmfreibad.de\/wp-content\/uploads\/2015\/02\/warmfreibaad_sprungbecken-768x512.jpg 768w, https:\/\/initiative-warmfreibad.de\/wp-content\/uploads\/2015\/02\/warmfreibaad_sprungbecken-1030x687.jpg 1030w, https:\/\/initiative-warmfreibad.de\/wp-content\/uploads\/2015\/02\/warmfreibaad_sprungbecken-1500x1000.jpg 1500w, https:\/\/initiative-warmfreibad.de\/wp-content\/uploads\/2015\/02\/warmfreibaad_sprungbecken-705x470.jpg 705w, https:\/\/initiative-warmfreibad.de\/wp-content\/uploads\/2015\/02\/warmfreibaad_sprungbecken-450x300.jpg 450w\" sizes=\"auto, (max-width: 1920px) 100vw, 1920px\" \/><\/div><\/div><\/div><div id='after_layer_slider_1'  class='main_color av_default_container_wrap container_wrap sidebar_right'  ><div class='container av-section-cont-open' ><div class='template-page content  av-content-small alpha units'><div class='post-entry post-entry-type-page post-entry-3449'><div class='entry-content-wrapper clearfix'>\n\n<style type=\"text\/css\" data-created_by=\"avia_inline_auto\" id=\"style-css-av-av_one_full-9497bbf8bff73ea4c6992cc17fa9ec36\">\n.flex_column.av-av_one_full-9497bbf8bff73ea4c6992cc17fa9ec36{\nborder-radius:0px 0px 0px 0px;\npadding:0px 0px 0px 0px;\n}\n<\/style>\n<div  class='flex_column av-av_one_full-9497bbf8bff73ea4c6992cc17fa9ec36 av_one_full  avia-builder-el-1  el_after_av_layerslider  el_before_av_google_map  avia-builder-el-no-sibling  first flex_column_div av-zero-column-padding  '     ><p>\n<style type=\"text\/css\" data-created_by=\"avia_inline_auto\" id=\"style-css-av-av_heading-cafb9cfbcf34f70d4244253721592739\">\n#top .av-special-heading.av-av_heading-cafb9cfbcf34f70d4244253721592739{\npadding-bottom:10px;\n}\nbody .av-special-heading.av-av_heading-cafb9cfbcf34f70d4244253721592739 .av-special-heading-tag .heading-char{\nfont-size:25px;\n}\n.av-special-heading.av-av_heading-cafb9cfbcf34f70d4244253721592739 .av-subheading{\nfont-size:18px;\n}\n<\/style>\n<div  class='av-special-heading av-av_heading-cafb9cfbcf34f70d4244253721592739 av-special-heading-h3 blockquote modern-quote  avia-builder-el-2  el_before_av_textblock  avia-builder-el-first '><h3 class='av-special-heading-tag '  itemprop=\"headline\"  >Impressum<\/h3><div class=\"special-heading-border\"><div class=\"special-heading-inner-border\"><\/div><\/div><\/div><br \/>\n<section  class='av_textblock_section av-av_textblock-0366cc7376be6c9e82a3e9cc8987b64f '   itemscope=\"itemscope\" itemtype=\"https:\/\/schema.org\/CreativeWork\" ><div class='avia_textblock'  itemprop=\"text\" ><h2><\/h2>\n<h2>F\u00f6rderverein Warmfreibad Kaiserslautern e.V.<\/h2>\n<p>Walter-Flex-Str. 11<br \/>\n67663 Kaiserslautern<\/p>\n<p>Fax: 0631-3103119<br \/>\nMailadresse: info@initiative-warmfreibad.de<br \/>\nInternet: www.initiative-warmfreibad.de<\/p>\n<p>Steuernummer: 19\/672\/27462<\/p>\n<p>Bankverbindung:<br \/>\nBank: Stadtsparkasse Kaiserslautern<br \/>\nIBAN:\u00a0<span class=\"element\">DE20\u00a0<\/span><span class=\"element bank-code\">5405\u00a0<\/span><span class=\"element bank-code last\">0110\u00a0<\/span><span class=\"element bank-account-number\">0000\u00a0<\/span><span class=\"element bank-account-number\">5327<\/span><span class=\"element bank-account-number last\">39<\/span><br \/>\nBIC:\u00a0<span id=\"business-identifier-code\">MALADE51KL<\/span><\/p>\n<\/div><\/section><br \/>\n\n<style type=\"text\/css\" data-created_by=\"avia_inline_auto\" id=\"style-css-av-av_hr-22b2c95b934dc9c4342fef8b904fb51c\">\n#top .hr.hr-invisible.av-av_hr-22b2c95b934dc9c4342fef8b904fb51c{\nheight:70px;\n}\n<\/style>\n<div  class='hr av-av_hr-22b2c95b934dc9c4342fef8b904fb51c hr-invisible  avia-builder-el-4  el_after_av_textblock  el_before_av_textblock '><span class='hr-inner '><span class=\"hr-inner-style\"><\/span><\/span><\/div><br \/>\n<section  class='av_textblock_section av-av_textblock-0366cc7376be6c9e82a3e9cc8987b64f '   itemscope=\"itemscope\" itemtype=\"https:\/\/schema.org\/CreativeWork\" ><div class='avia_textblock'  itemprop=\"text\" ><h2>Inhaltlich Verantwortlich gem\u00e4\u00df \u00a7 6 MDStV:<\/h2>\n<p><strong>Inhalte &amp; Webseite:<\/strong><br \/>\nTobias Wiesemann<\/p>\n<p><strong>Rechtlicher Hinweis zu den Links die wir auf dieser Seite anbieten:<\/strong><br \/>\nMit Urteil vom 12.05.1998 Az. 312 O 85\/98 hat das LG Hamburg entschieden, dass durch die Anbringung eines Links die auf dieser Seite enthaltenen Informationen ggf. mit zu verantworten habe. Dies k\u00f6nne nach Auffassung des LG Hamburg nur dadurch vermieden werden, dass eine ausdr\u00fcckliche Distanzierung erfolge. Dementsprechend distanzieren wir uns ausdr\u00fccklich von den Inhalten der Seiten, deren Links Sie hier finden oder die sonst \u00fcber unsere Seite erreichbar sind. Die Inhalte dieser Seiten unterliegen ausschlie\u00dflich dem Verantwortungsbereich Dritter. Wir haben auf die Inhalte keinen Einfluss, weshalb wir keinerlei Haftung f\u00fcr dort enthaltene Informationen \u00fcbernehmen k\u00f6nnen und wollen.<\/p>\n<p><strong>Rechtlicher Hinweis zum Copyright \u00a9:<\/strong><br \/>\nEs wird darauf hingewiesen, dass die Verwendung an den mit \u00a9 versehenen Stellen, insbesondere bei Fotos, dem Urheberrechtsschutz unterliegt. Abspeichern, Weitergabe, jede Art von Verwendung, insbesondere bei Ver\u00f6ffentlichungen, zum Beispiel auch im Internet ist nur mit ausdr\u00fccklicher Zustimmung m\u00f6glich. Bei vielen Fotos aus dem Bad-Betrieb ist auch unsererseits die Zustimmung der Abgebildeten daf\u00fcr einzuholen.<\/p>\n<\/div><\/section><\/p><\/div>\n<div  class='av_gmaps_sc_main_wrap av_gmaps_main_wrap '><div id='av_gmap_0' class='avia-google-map-container avia-google-map-sc av_gmaps_show_unconditionally av-no-fallback-img ' data-mapid='av_gmap_0'  style='height: 300px;'><a class=\"av_gmaps_browser_disabled av_text_confirm_link av_text_confirm_link_visible\" href=\"https:\/\/www.google.com\/maps\/search\/?api=1&#038;query=Am%20Warmfreibad%201%20%20Kaiserslautern%20%20Deutschland\" target=\"_blank\">Aufgrund deiner Datenschutz-Einstellungen k\u00f6nnen wir Ihnen die Karte nicht anzeigen. Klicken Sie hier, um die Karte in einem neuen Fenster zu \u00f6ffnen.<\/a><\/div><\/div>\n","protected":false},"excerpt":{"rendered":"","protected":false},"author":1,"featured_media":0,"parent":0,"menu_order":8,"comment_status":"closed","ping_status":"closed","template":"","meta":{"footnotes":""},"class_list":["post-3449","page","type-page","status-publish","hentry"],"_links":{"self":[{"href":"https:\/\/initiative-warmfreibad.de\/index.php?rest_route=\/wp\/v2\/pages\/3449","targetHints":{"allow":["GET"]}}],"collection":[{"href":"https:\/\/initiative-warmfreibad.de\/index.php?rest_route=\/wp\/v2\/pages"}],"about":[{"href":"https:\/\/initiative-warmfreibad.de\/index.php?rest_route=\/wp\/v2\/types\/page"}],"author":[{"embeddable":true,"href":"https:\/\/initiative-warmfreibad.de\/index.php?rest_route=\/wp\/v2\/users\/1"}],"replies":[{"embeddable":true,"href":"https:\/\/initiative-warmfreibad.de\/index.php?rest_route=%2Fwp%2Fv2%2Fcomments&post=3449"}],"version-history":[{"count":2,"href":"https:\/\/initiative-warmfreibad.de\/index.php?rest_route=\/wp\/v2\/pages\/3449\/revisions"}],"predecessor-version":[{"id":3452,"href":"https:\/\/initiative-warmfreibad.de\/index.php?rest_route=\/wp\/v2\/pages\/3449\/revisions\/3452"}],"wp:attachment":[{"href":"https:\/\/initiative-warmfreibad.de\/index.php?rest_route=%2Fwp%2Fv2%2Fmedia&parent=3449"}],"curies":[{"name":"wp","href":"https:\/\/api.w.org\/{rel}","templated":true}]}}