{"id":3371,"date":"2016-05-17T12:23:31","date_gmt":"2016-05-17T10:23:31","guid":{"rendered":"http:\/\/initiative-warmfreibad.de\/wordpress\/?page_id=3371"},"modified":"2016-05-17T17:04:34","modified_gmt":"2016-05-17T15:04:34","slug":"unsere-argumente","status":"publish","type":"page","link":"https:\/\/initiative-warmfreibad.de\/?page_id=3371","title":{"rendered":"Unsere Argumente"},"content":{"rendered":"<div id='layer_slider_1'  class='avia-layerslider main_color avia-shadow  avia-builder-el-0  el_before_av_heading  avia-builder-el-first  container_wrap sidebar_right'  style='height: 151px;'  ><div id=\"layerslider_2_slm0a75k5nvh\" class=\"ls-wp-container fitvidsignore\" style=\"width:100%;height:150px;margin:0 auto;\"><div class=\"ls-slide\" data-ls=\"duration:4000;\"><img loading=\"lazy\" decoding=\"async\" width=\"1920\" height=\"1280\" src=\"https:\/\/initiative-warmfreibad.de\/wp-content\/uploads\/2015\/02\/warmfreibaad_sprungbecken.jpg\" class=\"ls-bg\" alt=\"\" srcset=\"https:\/\/initiative-warmfreibad.de\/wp-content\/uploads\/2015\/02\/warmfreibaad_sprungbecken.jpg 1920w, https:\/\/initiative-warmfreibad.de\/wp-content\/uploads\/2015\/02\/warmfreibaad_sprungbecken-300x200.jpg 300w, https:\/\/initiative-warmfreibad.de\/wp-content\/uploads\/2015\/02\/warmfreibaad_sprungbecken-768x512.jpg 768w, https:\/\/initiative-warmfreibad.de\/wp-content\/uploads\/2015\/02\/warmfreibaad_sprungbecken-1030x687.jpg 1030w, https:\/\/initiative-warmfreibad.de\/wp-content\/uploads\/2015\/02\/warmfreibaad_sprungbecken-1500x1000.jpg 1500w, https:\/\/initiative-warmfreibad.de\/wp-content\/uploads\/2015\/02\/warmfreibaad_sprungbecken-705x470.jpg 705w, https:\/\/initiative-warmfreibad.de\/wp-content\/uploads\/2015\/02\/warmfreibaad_sprungbecken-450x300.jpg 450w\" sizes=\"auto, (max-width: 1920px) 100vw, 1920px\" \/><\/div><\/div><\/div><div id='after_layer_slider_1'  class='main_color av_default_container_wrap container_wrap sidebar_right'  ><div class='container av-section-cont-open' ><div class='template-page content  av-content-small alpha units'><div class='post-entry post-entry-type-page post-entry-3371'><div class='entry-content-wrapper clearfix'>\n\n<style type=\"text\/css\" data-created_by=\"avia_inline_auto\" id=\"style-css-av-av_heading-51f19e8d036753901800a1965f7ee51a\">\n#top .av-special-heading.av-av_heading-51f19e8d036753901800a1965f7ee51a{\npadding-bottom:20px;\n}\nbody .av-special-heading.av-av_heading-51f19e8d036753901800a1965f7ee51a .av-special-heading-tag .heading-char{\nfont-size:25px;\n}\n.av-special-heading.av-av_heading-51f19e8d036753901800a1965f7ee51a .av-subheading{\nfont-size:18px;\n}\n<\/style>\n<div  class='av-special-heading av-av_heading-51f19e8d036753901800a1965f7ee51a av-special-heading-h3 blockquote modern-quote  avia-builder-el-1  el_after_av_layerslider  el_before_av_textblock  avia-builder-el-first '><h3 class='av-special-heading-tag '  itemprop=\"headline\"  >Warum es keinen Sinn macht, dass Warmfreibad in Kaiserslautern zu schliessen!<\/h3><div class='av-subheading av-subheading_below'><p>Insbesondere die folgenden Argumente f\u00fcr einen Erhalt des Warmfreibades haben wir bisher zusammengetragen:<\/p>\n<\/div><div class=\"special-heading-border\"><div class=\"special-heading-inner-border\"><\/div><\/div><\/div>\n<section  class='av_textblock_section av-av_textblock-0366cc7376be6c9e82a3e9cc8987b64f '   itemscope=\"itemscope\" itemtype=\"https:\/\/schema.org\/CreativeWork\" ><div class='avia_textblock'  itemprop=\"text\" ><ol>\n<li>Das Warmfreibad Kaiserslautern ist das bestbesuchteste Bad der Region.<\/li>\n<li>Die Infrastruktur des Warmfreibades ist ideal. Es ist f\u00fcr Angeh\u00f6rige aller sozialen Schichten hervorragend zu erreichen und wird entsprechend bunt genutzt. Hier findet soziale Begegnung statt. Allein in fu\u00dfl\u00e4ufiger Entfernung leben viele tausend Mitb\u00fcrger. Damit ist das Warmfreibad das demokratischste Bad der Region. Neben einer guten Busanbindung verf\u00fcgt es zudem noch \u00fcber einen gro\u00dffl\u00e4chigen Parkraum, den nicht jedes Bad aufweisen kann.<\/li>\n<li>Da das Warmfreibad \u00fcber eine k\u00f6rpervertr\u00e4gliche Wassertemperatur, \u00fcber die gesamte Freibadsaison hinweg verf\u00fcgt, sind nur hier zu einem vern\u00fcnftigen Preis in Kaiserslautern Kinderschwimmkurse durchf\u00fchrbar. Man w\u00fcrde auch den \u00e4lteren Mitb\u00fcrgern die letzte M\u00f6glichkeit nehmen sich sportlich zu bet\u00e4tigen. Diese Gruppe ist auf einen gelenkschonenden, wohnortnahen Sport angewiesen. L\u00e4ngeres Schwimmen ben\u00f6tigt die W\u00e4rme des Warmfreibades. Der Sportbetrieb f\u00fcr Schwimmen, Triathlon und Wasserball ist nur in einem beheizten Freibad auf einer 50 m Bahn m\u00f6glich. Die Stadt hat hier auch eine Verpflichtung gegen\u00fcber den Vereinen eine Infrastruktur bereit zu stellen, die ein Erreichen der Vereinsziele erm\u00f6glicht. Diese Infrastruktur ist f\u00fcr alle den Schwimmsport betreffenden Vereine das Warmfreibad.<\/li>\n<li>Insbesondere der Jugend aus sozial schw\u00e4cheren Schichten, die im Umfeld des Warmfreibades wohnen und nicht \u00fcber die Mobilit\u00e4t der wirtschaftlich st\u00e4rkeren Bev\u00f6lkerungsteile verf\u00fcgen w\u00fcrde die M\u00f6glichkeit zur sinnvollen sportlichen Bet\u00e4tigung genommen; wo sollen die Jugendlichen sonst Dampf ablassen? Ein Schlie\u00dfen des Warmfreibades kann schnell teuer werden!<\/li>\n<li>Bereits get\u00e4tigte Investitionen der vergangenen Jahre (Edelstahlbecken Nichtschwimmer (ca. 1 Mio. EUR Kosten), Sanierung des Sprungturms (vergangenes Jahr), Kinderrutsche, Umkleidekabinen und Sanit\u00e4rbereiche, Eingangsbereich&#8230; m\u00fcssten einfach abgeschrieben werden!<\/li>\n<li>Zu Sto\u00dfzeiten bei Hitze sind jetzt schon Waschm\u00fchle und Warmfreibad beide \u00fcberf\u00fcllt. Kaiserslautern braucht zwei B\u00e4der!<\/li>\n<li>Der Standort Kaiserslautern muss um weiterhin hochwertige Arbeitspl\u00e4tze in der IT &#8211; Branche und anderen wirtschaftlichen Bereichen anziehen zu k\u00f6nnen attraktiv bleiben \/ attraktiver werden. Das Schlie\u00dfen des Warmfreibades ist das falsche Signal, so ziehen wir keine jungen Familien an.<\/li>\n<li>Das Warmfreibad war im Bestand durch bereits bewilligte Gelder gesichert. Die Umschichtung erfolgte in einer \u201eNacht und Nebelaktion\u201d zwischen den Jahren im tiefsten Winter. Nat\u00fcrlich k\u00f6nnen wir den akuten Handlungsbedarf zugunsten der Waschm\u00fchle nachvollziehen, aber die Art und Weise wie hier Fakten geschaffen wurden empfanden wir als sehr b\u00fcrgerfern und einem modernen Demokratieverst\u00e4ndnis unw\u00fcrdig.<\/li>\n<li>Das Warmfreibad ist bei das einzige barrierefreie Schwimmbad in Kaiserslautern. Es besitzt neben der M\u00f6glichkeit einfach ins Wasser zu gelangen auch behindertengerechte Umkleidekabinen, Sanit\u00e4ranlagen und Duschm\u00f6glichkeiten. Eine Schlie\u00dfung w\u00e4re demnach gegen\u00fcber Menschen mit einer Behinderung unverantwortlich.<\/li>\n<\/ol>\n<p>M\u00f6chtest Du eigene Argumente anbringen, sende uns diese einfach \u00fcber unser Kontaktformular!<br \/>\nWir werden diese dann im Vorstand besprechen und ggf. hier auff\u00fchren.<\/p>\n<\/div><\/section>\n","protected":false},"excerpt":{"rendered":"","protected":false},"author":1,"featured_media":0,"parent":3368,"menu_order":1,"comment_status":"closed","ping_status":"closed","template":"","meta":{"footnotes":""},"class_list":["post-3371","page","type-page","status-publish","hentry"],"_links":{"self":[{"href":"https:\/\/initiative-warmfreibad.de\/index.php?rest_route=\/wp\/v2\/pages\/3371","targetHints":{"allow":["GET"]}}],"collection":[{"href":"https:\/\/initiative-warmfreibad.de\/index.php?rest_route=\/wp\/v2\/pages"}],"about":[{"href":"https:\/\/initiative-warmfreibad.de\/index.php?rest_route=\/wp\/v2\/types\/page"}],"author":[{"embeddable":true,"href":"https:\/\/initiative-warmfreibad.de\/index.php?rest_route=\/wp\/v2\/users\/1"}],"replies":[{"embeddable":true,"href":"https:\/\/initiative-warmfreibad.de\/index.php?rest_route=%2Fwp%2Fv2%2Fcomments&post=3371"}],"version-history":[{"count":5,"href":"https:\/\/initiative-warmfreibad.de\/index.php?rest_route=\/wp\/v2\/pages\/3371\/revisions"}],"predecessor-version":[{"id":3376,"href":"https:\/\/initiative-warmfreibad.de\/index.php?rest_route=\/wp\/v2\/pages\/3371\/revisions\/3376"}],"up":[{"embeddable":true,"href":"https:\/\/initiative-warmfreibad.de\/index.php?rest_route=\/wp\/v2\/pages\/3368"}],"wp:attachment":[{"href":"https:\/\/initiative-warmfreibad.de\/index.php?rest_route=%2Fwp%2Fv2%2Fmedia&parent=3371"}],"curies":[{"name":"wp","href":"https:\/\/api.w.org\/{rel}","templated":true}]}}